{"id":54,"date":"2012-05-10T23:55:32","date_gmt":"2012-05-10T21:55:32","guid":{"rendered":"http:\/\/sawmodel.pl\/?page_id=54"},"modified":"2012-09-17T11:12:01","modified_gmt":"2012-09-17T09:12:01","slug":"star-202125","status":"publish","type":"page","link":"http:\/\/sawmodel.pl\/?page_id=54","title":{"rendered":"Star 21\/25"},"content":{"rendered":"<p>Modele ci\u0119\u017car\u00f3wek Stara serii 21\/25.<\/p>\n<p><strong>Star W21 (STANDARD)<\/strong><\/p>\n<p><a href=\"http:\/\/sawmodel.pl\/wp-content\/uploads\/2012\/05\/s17.jpg\"><img loading=\"lazy\" decoding=\"async\" class=\"alignleft size-medium wp-image-308\" title=\"Star W21 (deski)\" src=\"http:\/\/sawmodel.pl\/wp-content\/uploads\/2012\/05\/s17-300x195.jpg\" alt=\"\" width=\"300\" height=\"195\" srcset=\"http:\/\/sawmodel.pl\/wp-content\/uploads\/2012\/05\/s17-300x195.jpg 300w, http:\/\/sawmodel.pl\/wp-content\/uploads\/2012\/05\/s17-461x300.jpg 461w, http:\/\/sawmodel.pl\/wp-content\/uploads\/2012\/05\/s17.jpg 1000w\" sizes=\"auto, (max-width: 300px) 100vw, 300px\" \/><\/a><\/p>\n<p>&nbsp;<\/p>\n<p>&nbsp;<\/p>\n<p>&nbsp;<\/p>\n<p>&nbsp;<\/p>\n<p><a href=\"http:\/\/sawmodel.pl\/wp-content\/uploads\/2012\/05\/s13.jpg\"><img loading=\"lazy\" decoding=\"async\" class=\"alignleft size-medium wp-image-310\" title=\"Star W21 (piach)\" src=\"http:\/\/sawmodel.pl\/wp-content\/uploads\/2012\/05\/s13-300x216.jpg\" alt=\"\" width=\"300\" height=\"216\" srcset=\"http:\/\/sawmodel.pl\/wp-content\/uploads\/2012\/05\/s13-300x216.jpg 300w, http:\/\/sawmodel.pl\/wp-content\/uploads\/2012\/05\/s13-416x300.jpg 416w, http:\/\/sawmodel.pl\/wp-content\/uploads\/2012\/05\/s13.jpg 1000w\" sizes=\"auto, (max-width: 300px) 100vw, 300px\" \/><\/a><\/p>\n<p>&nbsp;<\/p>\n<p><a href=\"http:\/\/sawmodel.pl\/wp-content\/uploads\/2012\/05\/C21_11.jpg\"><br \/>\n<\/a><\/p>\n<p>&nbsp;<\/p>\n<p>&nbsp;<\/p>\n<p>&nbsp;<\/p>\n<p>&nbsp;<\/p>\n<p>&nbsp;<\/p>\n<p><strong>Star W21 (TOP)<\/strong><\/p>\n<p><a href=\"http:\/\/sawmodel.pl\/wp-content\/uploads\/2012\/05\/1w21.jpg\"><img loading=\"lazy\" decoding=\"async\" class=\"alignleft size-medium wp-image-194\" title=\"Star W21 (wersja TOP)\" src=\"http:\/\/sawmodel.pl\/wp-content\/uploads\/2012\/05\/1w21-300x229.jpg\" alt=\"\" width=\"300\" height=\"229\" srcset=\"http:\/\/sawmodel.pl\/wp-content\/uploads\/2012\/05\/1w21-300x229.jpg 300w, http:\/\/sawmodel.pl\/wp-content\/uploads\/2012\/05\/1w21-392x300.jpg 392w, http:\/\/sawmodel.pl\/wp-content\/uploads\/2012\/05\/1w21.jpg 800w\" sizes=\"auto, (max-width: 300px) 100vw, 300px\" \/><\/a><a href=\"http:\/\/sawmodel.pl\/wp-content\/uploads\/2012\/05\/w214.jpg\"><img loading=\"lazy\" decoding=\"async\" class=\"alignleft size-medium wp-image-195\" title=\"Star W21 (wersja TOP)\" src=\"http:\/\/sawmodel.pl\/wp-content\/uploads\/2012\/05\/w214-300x226.jpg\" alt=\"\" width=\"300\" height=\"226\" srcset=\"http:\/\/sawmodel.pl\/wp-content\/uploads\/2012\/05\/w214-300x226.jpg 300w, http:\/\/sawmodel.pl\/wp-content\/uploads\/2012\/05\/w214-398x300.jpg 398w, http:\/\/sawmodel.pl\/wp-content\/uploads\/2012\/05\/w214.jpg 800w\" sizes=\"auto, (max-width: 300px) 100vw, 300px\" \/><\/a><\/p>\n<p>&nbsp;<\/p>\n<p>&nbsp;<\/p>\n<p>&nbsp;<\/p>\n<p>&nbsp;<\/p>\n<p>&nbsp;<\/p>\n<p>&nbsp;<\/p>\n<p>&nbsp;<\/p>\n<p>&nbsp;<\/p>\n<p>&nbsp;<\/p>\n<p>&nbsp;<\/p>\n<p>&nbsp;<\/p>\n<p>&nbsp;<\/p>\n<p><strong>Star C21 (STANDARD)*<\/strong><\/p>\n<p><strong><a href=\"http:\/\/sawmodel.pl\/wp-content\/uploads\/2012\/05\/s31.jpg\"><img loading=\"lazy\" decoding=\"async\" class=\"alignleft size-medium wp-image-313\" title=\"Star C21 z \u0142adunkiem rur.\" src=\"http:\/\/sawmodel.pl\/wp-content\/uploads\/2012\/05\/s31-300x203.jpg\" alt=\"\" width=\"300\" height=\"203\" srcset=\"http:\/\/sawmodel.pl\/wp-content\/uploads\/2012\/05\/s31-300x203.jpg 300w, http:\/\/sawmodel.pl\/wp-content\/uploads\/2012\/05\/s31-442x300.jpg 442w, http:\/\/sawmodel.pl\/wp-content\/uploads\/2012\/05\/s31.jpg 1000w\" sizes=\"auto, (max-width: 300px) 100vw, 300px\" \/><\/a><\/strong><\/p>\n<p>&nbsp;<\/p>\n<p>&nbsp;<\/p>\n<p>&nbsp;<\/p>\n<p>&nbsp;<\/p>\n<p>&nbsp;<\/p>\n<p>&nbsp;<\/p>\n<p><strong>Star C25 (STANDARD)<\/strong>*<\/p>\n<p><a href=\"http:\/\/sawmodel.pl\/wp-content\/uploads\/2012\/05\/s51.jpg\"><img loading=\"lazy\" decoding=\"async\" class=\"alignleft size-medium wp-image-314\" title=\"Star C25\" src=\"http:\/\/sawmodel.pl\/wp-content\/uploads\/2012\/05\/s51-300x183.jpg\" alt=\"\" width=\"300\" height=\"183\" srcset=\"http:\/\/sawmodel.pl\/wp-content\/uploads\/2012\/05\/s51-300x183.jpg 300w, http:\/\/sawmodel.pl\/wp-content\/uploads\/2012\/05\/s51-489x300.jpg 489w, http:\/\/sawmodel.pl\/wp-content\/uploads\/2012\/05\/s51.jpg 1000w\" sizes=\"auto, (max-width: 300px) 100vw, 300px\" \/><\/a><\/p>\n<p>&nbsp;<\/p>\n<p>&nbsp;<\/p>\n<p>&nbsp;<\/p>\n<p>&nbsp;<\/p>\n<p><a href=\"http:\/\/sawmodel.pl\/wp-content\/uploads\/2012\/05\/s21.jpg\"><img loading=\"lazy\" decoding=\"async\" class=\"alignleft size-medium wp-image-312\" title=\"Star C25 (deski)\" src=\"http:\/\/sawmodel.pl\/wp-content\/uploads\/2012\/05\/s21-300x225.jpg\" alt=\"\" width=\"300\" height=\"225\" srcset=\"http:\/\/sawmodel.pl\/wp-content\/uploads\/2012\/05\/s21-300x225.jpg 300w, http:\/\/sawmodel.pl\/wp-content\/uploads\/2012\/05\/s21-400x300.jpg 400w, http:\/\/sawmodel.pl\/wp-content\/uploads\/2012\/05\/s21.jpg 1000w\" sizes=\"auto, (max-width: 300px) 100vw, 300px\" \/><\/a><\/p>\n<p>&nbsp;<\/p>\n<p>&nbsp;<\/p>\n<p>&nbsp;<\/p>\n<p>&nbsp;<\/p>\n<p>&nbsp;<\/p>\n<p><a href=\"http:\/\/sawmodel.pl\/wp-content\/uploads\/2012\/05\/s71.jpg\"><img loading=\"lazy\" decoding=\"async\" class=\"alignleft size-medium wp-image-311\" title=\"Star C25 (deski wysokie)\" src=\"http:\/\/sawmodel.pl\/wp-content\/uploads\/2012\/05\/s71-300x202.jpg\" alt=\"\" width=\"300\" height=\"202\" srcset=\"http:\/\/sawmodel.pl\/wp-content\/uploads\/2012\/05\/s71-300x202.jpg 300w, http:\/\/sawmodel.pl\/wp-content\/uploads\/2012\/05\/s71-444x300.jpg 444w, http:\/\/sawmodel.pl\/wp-content\/uploads\/2012\/05\/s71.jpg 1000w\" sizes=\"auto, (max-width: 300px) 100vw, 300px\" \/><\/a><\/p>\n<p>&nbsp;<\/p>\n<p>&nbsp;<\/p>\n<p>&nbsp;<\/p>\n<p>&nbsp;<\/p>\n<p>&nbsp;<\/p>\n<p>&nbsp;<\/p>\n<p>&nbsp;<\/p>\n<p>* &#8211; wersja naczepy do wyboru przez zamawiaj\u0105cego<\/p>\n<p><strong>Star 21<\/strong><\/p>\n<p><a href=\"http:\/\/sawmodel.pl\/wp-content\/uploads\/2012\/05\/s9.jpg\"><img loading=\"lazy\" decoding=\"async\" class=\"alignleft size-medium wp-image-317\" title=\"Star 21 (deski)\" src=\"http:\/\/sawmodel.pl\/wp-content\/uploads\/2012\/05\/s9-300x186.jpg\" alt=\"\" width=\"300\" height=\"186\" srcset=\"http:\/\/sawmodel.pl\/wp-content\/uploads\/2012\/05\/s9-300x186.jpg 300w, http:\/\/sawmodel.pl\/wp-content\/uploads\/2012\/05\/s9-481x300.jpg 481w, http:\/\/sawmodel.pl\/wp-content\/uploads\/2012\/05\/s9.jpg 1000w\" sizes=\"auto, (max-width: 300px) 100vw, 300px\" \/><\/a><\/p>\n<p>&nbsp;<\/p>\n<p>&nbsp;<\/p>\n<p>&nbsp;<\/p>\n<p>&nbsp;<\/p>\n<p><a href=\"http:\/\/sawmodel.pl\/wp-content\/uploads\/2012\/05\/s111.jpg\"><img loading=\"lazy\" decoding=\"async\" class=\"alignleft size-medium wp-image-315\" title=\"Star 21 (deski wysokie)\" src=\"http:\/\/sawmodel.pl\/wp-content\/uploads\/2012\/05\/s111-300x185.jpg\" alt=\"\" width=\"300\" height=\"185\" srcset=\"http:\/\/sawmodel.pl\/wp-content\/uploads\/2012\/05\/s111-300x185.jpg 300w, http:\/\/sawmodel.pl\/wp-content\/uploads\/2012\/05\/s111-484x300.jpg 484w, http:\/\/sawmodel.pl\/wp-content\/uploads\/2012\/05\/s111.jpg 939w\" sizes=\"auto, (max-width: 300px) 100vw, 300px\" \/><\/a><\/p>\n<p>&nbsp;<\/p>\n<p>&nbsp;<\/p>\n<p>&nbsp;<\/p>\n<p>&nbsp;<\/p>\n<p>&nbsp;<\/p>\n<p>&nbsp;<\/p>\n<p><strong>Star 25<\/strong><\/p>\n<p><a href=\"http:\/\/sawmodel.pl\/wp-content\/uploads\/2012\/05\/s15.jpg\"><img loading=\"lazy\" decoding=\"async\" class=\"alignleft size-medium wp-image-316\" title=\"Star 25 (skrzyniowy)\" src=\"http:\/\/sawmodel.pl\/wp-content\/uploads\/2012\/05\/s15-300x205.jpg\" alt=\"\" width=\"300\" height=\"205\" srcset=\"http:\/\/sawmodel.pl\/wp-content\/uploads\/2012\/05\/s15-300x205.jpg 300w, http:\/\/sawmodel.pl\/wp-content\/uploads\/2012\/05\/s15-438x300.jpg 438w, http:\/\/sawmodel.pl\/wp-content\/uploads\/2012\/05\/s15.jpg 1000w\" sizes=\"auto, (max-width: 300px) 100vw, 300px\" \/><\/a><\/p>\n","protected":false},"excerpt":{"rendered":"<p>Modele ci\u0119\u017car\u00f3wek Stara serii 21\/25. Star W21 (STANDARD) &nbsp; &nbsp; &nbsp; &nbsp; &nbsp; &nbsp; &nbsp; &nbsp; &nbsp; &nbsp; Star W21 (TOP) &nbsp; &nbsp; &nbsp; &nbsp; &nbsp; &nbsp; &nbsp; &nbsp; &nbsp; &nbsp; &nbsp; &nbsp; Star C21 (STANDARD)* &nbsp; &nbsp; &nbsp; &nbsp; &nbsp; &nbsp; Star C25 (STANDARD)* &nbsp; &nbsp; &nbsp; &nbsp; &nbsp; &nbsp; &nbsp; &nbsp; &nbsp; &nbsp; [&hellip;]<\/p>\n","protected":false},"author":1,"featured_media":0,"parent":2,"menu_order":0,"comment_status":"closed","ping_status":"closed","template":"","meta":{"footnotes":""},"class_list":["post-54","page","type-page","status-publish","hentry"],"_links":{"self":[{"href":"http:\/\/sawmodel.pl\/index.php?rest_route=\/wp\/v2\/pages\/54","targetHints":{"allow":["GET"]}}],"collection":[{"href":"http:\/\/sawmodel.pl\/index.php?rest_route=\/wp\/v2\/pages"}],"about":[{"href":"http:\/\/sawmodel.pl\/index.php?rest_route=\/wp\/v2\/types\/page"}],"author":[{"embeddable":true,"href":"http:\/\/sawmodel.pl\/index.php?rest_route=\/wp\/v2\/users\/1"}],"replies":[{"embeddable":true,"href":"http:\/\/sawmodel.pl\/index.php?rest_route=%2Fwp%2Fv2%2Fcomments&post=54"}],"version-history":[{"count":12,"href":"http:\/\/sawmodel.pl\/index.php?rest_route=\/wp\/v2\/pages\/54\/revisions"}],"predecessor-version":[{"id":324,"href":"http:\/\/sawmodel.pl\/index.php?rest_route=\/wp\/v2\/pages\/54\/revisions\/324"}],"up":[{"embeddable":true,"href":"http:\/\/sawmodel.pl\/index.php?rest_route=\/wp\/v2\/pages\/2"}],"wp:attachment":[{"href":"http:\/\/sawmodel.pl\/index.php?rest_route=%2Fwp%2Fv2%2Fmedia&parent=54"}],"curies":[{"name":"wp","href":"https:\/\/api.w.org\/{rel}","templated":true}]}}